{"id":7,"date":"2026-04-03T09:34:29","date_gmt":"2026-04-03T09:34:29","guid":{"rendered":"https:\/\/bootcampforma.online\/bochra\/?page_id=7"},"modified":"2026-04-10T01:49:22","modified_gmt":"2026-04-10T01:49:22","slug":"accueil","status":"publish","type":"page","link":"https:\/\/bootcampforma.online\/bochra\/","title":{"rendered":"Accueil"},"content":{"rendered":"\t\t<div data-elementor-type=\"wp-page\" data-elementor-id=\"7\" class=\"elementor elementor-7\">\n\t\t\t\t<div class=\"elementor-element elementor-element-e2960b1 e-flex e-con-boxed e-con e-parent\" data-id=\"e2960b1\" data-element_type=\"container\" data-e-type=\"container\">\n\t\t\t\t\t<div class=\"e-con-inner\">\n\t\t\t\t<div class=\"elementor-element elementor-element-9d7ef2b elementor-widget elementor-widget-shortcode\" data-id=\"9d7ef2b\" data-element_type=\"widget\" data-e-type=\"widget\" data-widget_type=\"shortcode.default\">\n\t\t\t\t\t\t\t<div class=\"elementor-shortcode\"><nav aria-label=\"breadcrumbs\" class=\"rank-math-breadcrumb\"><p><\/p><\/nav><\/div>\n\t\t\t\t\t\t<\/div>\n\t\t\t\t\t<\/div>\n\t\t\t\t<\/div>\n\t\t<div class=\"elementor-element elementor-element-ae54b44 e-flex e-con-boxed e-con e-parent\" data-id=\"ae54b44\" data-element_type=\"container\" data-e-type=\"container\">\n\t\t\t\t\t<div class=\"e-con-inner\">\n\t\t<div class=\"elementor-element elementor-element-b7b76e5 e-con-full e-flex e-con e-child\" data-id=\"b7b76e5\" data-element_type=\"container\" data-e-type=\"container\">\n\t\t\t\t<div class=\"elementor-element elementor-element-4baaeb8 elementor-widget elementor-widget-heading\" data-id=\"4baaeb8\" data-element_type=\"widget\" data-e-type=\"widget\" data-widget_type=\"heading.default\">\n\t\t\t\t\t<h1 class=\"elementor-heading-title elementor-size-default\">Agence SEO sp\u00e9cialis\u00e9e MedTech<\/h1>\t\t\t\t<\/div>\n\t\t\t\t<div class=\"elementor-element elementor-element-2a6928a elementor-widget elementor-widget-text-editor\" data-id=\"2a6928a\" data-element_type=\"widget\" data-e-type=\"widget\" data-widget_type=\"text-editor.default\">\n\t\t\t\t\t\t\t\t\t<p>IndexaMed est une agence seo Medtech accompagne les dirigeants de startups et d&rsquo;entreprises MedTech dans leur strat\u00e9gie de r\u00e9f\u00e9rencement naturel. Une approche sur mesure, ancr\u00e9e dans les r\u00e9alit\u00e9s du secteur, pour g\u00e9n\u00e9rer un trafic qualifi\u00e9 et des leads \u00e0 forte valeur ajout\u00e9e.<\/p>\t\t\t\t\t\t\t\t<\/div>\n\t\t\t\t<div class=\"elementor-element elementor-element-49d108a elementor-widget elementor-widget-text-editor\" data-id=\"49d108a\" data-element_type=\"widget\" data-e-type=\"widget\" data-widget_type=\"text-editor.default\">\n\t\t\t\t\t\t\t\t\t<p>Dans un secteur o\u00f9 la pr\u00e9cision est critique, votre strat\u00e9gie SEO doit l\u2019\u00eatre aussi. Nous combinons expertise sectorielle, rigueur scientifique et excellence marketing pour construire une pr\u00e9sence digitale qui inspire confiance et g\u00e9n\u00e8re des r\u00e9sultats mesurables.<\/p>\t\t\t\t\t\t\t\t<\/div>\n\t\t\t\t<div class=\"elementor-element elementor-element-5ba3e90 elementor-align-left elementor-mobile-align-center elementor-widget elementor-widget-button\" data-id=\"5ba3e90\" data-element_type=\"widget\" data-e-type=\"widget\" data-widget_type=\"button.default\">\n\t\t\t\t\t\t\t\t\t\t<a class=\"elementor-button elementor-button-link elementor-size-sm elementor-animation-grow\" href=\"http:\/\/bootcampforma.online\/bochra\/formulaire-de-contact\/#\">\n\t\t\t\t\t\t<span class=\"elementor-button-content-wrapper\">\n\t\t\t\t\t\t\t\t\t<span class=\"elementor-button-text\">Demander mon audit gratuit<\/span>\n\t\t\t\t\t<\/span>\n\t\t\t\t\t<\/a>\n\t\t\t\t\t\t\t\t<\/div>\n\t\t\t\t<\/div>\n\t\t<div class=\"elementor-element elementor-element-393ce05 e-con-full e-flex e-con e-child\" data-id=\"393ce05\" data-element_type=\"container\" data-e-type=\"container\">\n\t\t\t\t<div class=\"elementor-element elementor-element-3c4c9a5 elementor-hidden-tablet elementor-hidden-mobile elementor-widget elementor-widget-image\" data-id=\"3c4c9a5\" data-element_type=\"widget\" data-e-type=\"widget\" data-widget_type=\"image.default\">\n\t\t\t\t\t\t\t\t\t\t\t\t\t\t\t<img fetchpriority=\"high\" decoding=\"async\" width=\"1480\" height=\"1110\" src=\"https:\/\/bootcampforma.online\/bochra\/wp-content\/uploads\/2026\/04\/Capture-decran-2026-04-03-a-14.32.17.png\" class=\"attachment-full size-full wp-image-34\" alt=\"Experte SEO MedTech\" srcset=\"https:\/\/bootcampforma.online\/bochra\/wp-content\/uploads\/2026\/04\/Capture-decran-2026-04-03-a-14.32.17.png 1480w, https:\/\/bootcampforma.online\/bochra\/wp-content\/uploads\/2026\/04\/Capture-decran-2026-04-03-a-14.32.17-300x225.png 300w, https:\/\/bootcampforma.online\/bochra\/wp-content\/uploads\/2026\/04\/Capture-decran-2026-04-03-a-14.32.17-1024x768.png 1024w, https:\/\/bootcampforma.online\/bochra\/wp-content\/uploads\/2026\/04\/Capture-decran-2026-04-03-a-14.32.17-768x576.png 768w\" sizes=\"(max-width: 1480px) 100vw, 1480px\" \/>\t\t\t\t\t\t\t\t\t\t\t\t\t\t\t<\/div>\n\t\t\t\t<\/div>\n\t\t\t\t\t<\/div>\n\t\t\t\t<\/div>\n\t\t<div class=\"elementor-element elementor-element-5bb7447 e-grid e-con-boxed e-con e-parent\" data-id=\"5bb7447\" data-element_type=\"container\" data-e-type=\"container\">\n\t\t\t\t\t<div class=\"e-con-inner\">\n\t\t\t\t<div class=\"elementor-element elementor-element-298940b elementor-widget elementor-widget-image\" data-id=\"298940b\" data-element_type=\"widget\" data-e-type=\"widget\" data-widget_type=\"image.default\">\n\t\t\t\t\t\t\t\t\t\t\t\t\t\t\t<img decoding=\"async\" width=\"437\" height=\"92\" src=\"https:\/\/bootcampforma.online\/bochra\/wp-content\/uploads\/2026\/04\/logo_complet_light_92.png\" class=\"attachment-large size-large wp-image-36\" alt=\"\" srcset=\"https:\/\/bootcampforma.online\/bochra\/wp-content\/uploads\/2026\/04\/logo_complet_light_92.png 437w, https:\/\/bootcampforma.online\/bochra\/wp-content\/uploads\/2026\/04\/logo_complet_light_92-300x63.png 300w\" sizes=\"(max-width: 437px) 100vw, 437px\" \/>\t\t\t\t\t\t\t\t\t\t\t\t\t\t\t<\/div>\n\t\t\t\t<div class=\"elementor-element elementor-element-be8141a elementor-widget elementor-widget-image\" data-id=\"be8141a\" data-element_type=\"widget\" data-e-type=\"widget\" data-widget_type=\"image.default\">\n\t\t\t\t\t\t\t\t\t\t\t\t\t\t\t<img decoding=\"async\" width=\"150\" height=\"150\" src=\"https:\/\/bootcampforma.online\/bochra\/wp-content\/uploads\/2026\/04\/Copie-de-Logo_Tagline_FR_Bleu-640x465-1-150x150.png\" class=\"attachment-thumbnail size-thumbnail wp-image-35\" alt=\"\" \/>\t\t\t\t\t\t\t\t\t\t\t\t\t\t\t<\/div>\n\t\t\t\t<div class=\"elementor-element elementor-element-edb67e5 elementor-widget elementor-widget-image\" data-id=\"edb67e5\" data-element_type=\"widget\" data-e-type=\"widget\" data-widget_type=\"image.default\">\n\t\t\t\t\t\t\t\t\t\t\t\t\t\t\t<img loading=\"lazy\" decoding=\"async\" width=\"2560\" height=\"1440\" src=\"https:\/\/bootcampforma.online\/bochra\/wp-content\/uploads\/2026\/04\/Design-sans-titre-1-scaled.png\" class=\"attachment-full size-full wp-image-151\" alt=\"\" srcset=\"https:\/\/bootcampforma.online\/bochra\/wp-content\/uploads\/2026\/04\/Design-sans-titre-1-scaled.png 2560w, https:\/\/bootcampforma.online\/bochra\/wp-content\/uploads\/2026\/04\/Design-sans-titre-1-300x169.png 300w, https:\/\/bootcampforma.online\/bochra\/wp-content\/uploads\/2026\/04\/Design-sans-titre-1-1024x576.png 1024w, https:\/\/bootcampforma.online\/bochra\/wp-content\/uploads\/2026\/04\/Design-sans-titre-1-768x432.png 768w, https:\/\/bootcampforma.online\/bochra\/wp-content\/uploads\/2026\/04\/Design-sans-titre-1-1536x864.png 1536w, https:\/\/bootcampforma.online\/bochra\/wp-content\/uploads\/2026\/04\/Design-sans-titre-1-2048x1152.png 2048w\" sizes=\"(max-width: 2560px) 100vw, 2560px\" \/>\t\t\t\t\t\t\t\t\t\t\t\t\t\t\t<\/div>\n\t\t\t\t\t<\/div>\n\t\t\t\t<\/div>\n\t\t<div class=\"elementor-element elementor-element-e9ecdad e-flex e-con-boxed e-con e-parent\" data-id=\"e9ecdad\" data-element_type=\"container\" data-e-type=\"container\">\n\t\t\t\t\t<div class=\"e-con-inner\">\n\t\t\t\t<div class=\"elementor-element elementor-element-a58dde1 elementor-widget elementor-widget-heading\" data-id=\"a58dde1\" data-element_type=\"widget\" data-e-type=\"widget\" data-widget_type=\"heading.default\">\n\t\t\t\t\t<h2 class=\"elementor-heading-title elementor-size-default\">Le SEO g\u00e9n\u00e9raliste ne comprend pas les enjeux r\u00e9glementaires MedTech<\/h2>\t\t\t\t<\/div>\n\t\t\t\t\t<\/div>\n\t\t\t\t<\/div>\n\t\t<div class=\"elementor-element elementor-element-68e6af2 e-flex e-con-boxed e-con e-parent\" data-id=\"68e6af2\" data-element_type=\"container\" data-e-type=\"container\">\n\t\t\t\t\t<div class=\"e-con-inner\">\n\t\t\t\t<div class=\"elementor-element elementor-element-dc1d970 elementor-widget elementor-widget-text-editor\" data-id=\"dc1d970\" data-element_type=\"widget\" data-e-type=\"widget\" data-widget_type=\"text-editor.default\">\n\t\t\t\t\t\t\t\t\t<p>Le march\u00e9 de la MedTech est ultra-comp\u00e9titif. Les cycles de vente sont longs, les d\u00e9cideurs exigeants, et les enjeux r\u00e9glementaires complexes. Une strat\u00e9gie SEO g\u00e9n\u00e9raliste ne suffit pas elle peut m\u00eame nuire \u00e0 votre cr\u00e9dibilit\u00e9. Pour \u00eatre visible aupr\u00e8s des bons d\u00e9cideurs, au bon moment, vous avez besoin d&rsquo;un partenaire qui conna\u00eet votre secteur de l&rsquo;int\u00e9rieur.<\/p><p>Un SEO mal adapt\u00e9 ne se contente pas d\u2019\u00eatre inefficace : il envoie les mauvais signaux aux bons interlocuteurs. Dans un secteur o\u00f9 la pr\u00e9cision et la conformit\u00e9 sont essentielles, chaque approximation peut co\u00fbter en cr\u00e9dibilit\u00e9, en opportunit\u00e9s et en temps.<\/p>\t\t\t\t\t\t\t\t<\/div>\n\t\t\t\t\t<\/div>\n\t\t\t\t<\/div>\n\t\t<div class=\"elementor-element elementor-element-6bd255f e-flex e-con-boxed e-con e-parent\" data-id=\"6bd255f\" data-element_type=\"container\" data-e-type=\"container\">\n\t\t\t\t\t<div class=\"e-con-inner\">\n\t\t\t\t<div class=\"elementor-element elementor-element-3c61533 elementor-widget elementor-widget-heading\" data-id=\"3c61533\" data-element_type=\"widget\" data-e-type=\"widget\" data-widget_type=\"heading.default\">\n\t\t\t\t\t<h2 class=\"elementor-heading-title elementor-size-default\">Ce que IndexaMed fait diff\u00e9remment<\/h2>\t\t\t\t<\/div>\n\t\t\t\t\t<\/div>\n\t\t\t\t<\/div>\n\t\t<div class=\"elementor-element elementor-element-0537d65 e-flex e-con-boxed e-con e-parent\" data-id=\"0537d65\" data-element_type=\"container\" data-e-type=\"container\">\n\t\t\t\t\t<div class=\"e-con-inner\">\n\t\t<div class=\"elementor-element elementor-element-b22b789 e-con-full e-flex e-con e-child\" data-id=\"b22b789\" data-element_type=\"container\" data-e-type=\"container\">\n\t\t\t\t<div class=\"elementor-element elementor-element-29fa579 elementor-widget elementor-widget-image\" data-id=\"29fa579\" data-element_type=\"widget\" data-e-type=\"widget\" data-widget_type=\"image.default\">\n\t\t\t\t\t\t\t\t\t\t\t\t\t\t\t<img loading=\"lazy\" decoding=\"async\" width=\"1920\" height=\"1080\" src=\"https:\/\/bootcampforma.online\/bochra\/wp-content\/uploads\/2026\/04\/photo-Indexamed-1.png\" class=\"attachment-full size-full wp-image-46\" alt=\"\" srcset=\"https:\/\/bootcampforma.online\/bochra\/wp-content\/uploads\/2026\/04\/photo-Indexamed-1.png 1920w, https:\/\/bootcampforma.online\/bochra\/wp-content\/uploads\/2026\/04\/photo-Indexamed-1-300x169.png 300w, https:\/\/bootcampforma.online\/bochra\/wp-content\/uploads\/2026\/04\/photo-Indexamed-1-1024x576.png 1024w, https:\/\/bootcampforma.online\/bochra\/wp-content\/uploads\/2026\/04\/photo-Indexamed-1-768x432.png 768w, https:\/\/bootcampforma.online\/bochra\/wp-content\/uploads\/2026\/04\/photo-Indexamed-1-1536x864.png 1536w\" sizes=\"(max-width: 1920px) 100vw, 1920px\" \/>\t\t\t\t\t\t\t\t\t\t\t\t\t\t\t<\/div>\n\t\t\t\t<div class=\"elementor-element elementor-element-c922cc8 elementor-widget elementor-widget-heading\" data-id=\"c922cc8\" data-element_type=\"widget\" data-e-type=\"widget\" data-widget_type=\"heading.default\">\n\t\t\t\t\t<h3 class=\"elementor-heading-title elementor-size-default\">Audit SEO Medtech<\/h3>\t\t\t\t<\/div>\n\t\t\t\t<div class=\"elementor-element elementor-element-0cd34f3 elementor-widget elementor-widget-text-editor\" data-id=\"0cd34f3\" data-element_type=\"widget\" data-e-type=\"widget\" data-widget_type=\"text-editor.default\">\n\t\t\t\t\t\t\t\t\t<p>Identifier pr\u00e9cis\u00e9ment ce qui bloque votre visibilit\u00e9 organique. Un diagnostic complet adapt\u00e9 aux contraintes techniques, r\u00e9glementaires et s\u00e9mantiques du secteur MedTech.<\/p>\t\t\t\t\t\t\t\t<\/div>\n\t\t\t\t<div class=\"elementor-element elementor-element-11f3bbc elementor-align-center elementor-widget__width-inherit elementor-widget elementor-widget-button\" data-id=\"11f3bbc\" data-element_type=\"widget\" data-e-type=\"widget\" data-widget_type=\"button.default\">\n\t\t\t\t\t\t\t\t\t\t<a class=\"elementor-button elementor-button-link elementor-size-sm elementor-animation-grow\" href=\"https:\/\/bootcampforma.online\/bochra\/accueil\/services\/audit-seo-medtech-2\/\">\n\t\t\t\t\t\t<span class=\"elementor-button-content-wrapper\">\n\t\t\t\t\t\t\t\t\t<span class=\"elementor-button-text\">D\u00e9couvrir le processus<\/span>\n\t\t\t\t\t<\/span>\n\t\t\t\t\t<\/a>\n\t\t\t\t\t\t\t\t<\/div>\n\t\t\t\t<\/div>\n\t\t<div class=\"elementor-element elementor-element-0354c85 e-con-full e-flex e-con e-child\" data-id=\"0354c85\" data-element_type=\"container\" data-e-type=\"container\">\n\t\t\t\t<div class=\"elementor-element elementor-element-c64e5a9 elementor-widget elementor-widget-image\" data-id=\"c64e5a9\" data-element_type=\"widget\" data-e-type=\"widget\" data-widget_type=\"image.default\">\n\t\t\t\t\t\t\t\t\t\t\t\t\t\t\t<img loading=\"lazy\" decoding=\"async\" width=\"1536\" height=\"864\" src=\"https:\/\/bootcampforma.online\/bochra\/wp-content\/uploads\/2026\/04\/photo-Indexamed-2-1536x864.png\" class=\"attachment-1536x1536 size-1536x1536 wp-image-50\" alt=\"\" srcset=\"https:\/\/bootcampforma.online\/bochra\/wp-content\/uploads\/2026\/04\/photo-Indexamed-2-1536x864.png 1536w, https:\/\/bootcampforma.online\/bochra\/wp-content\/uploads\/2026\/04\/photo-Indexamed-2-300x169.png 300w, https:\/\/bootcampforma.online\/bochra\/wp-content\/uploads\/2026\/04\/photo-Indexamed-2-1024x576.png 1024w, https:\/\/bootcampforma.online\/bochra\/wp-content\/uploads\/2026\/04\/photo-Indexamed-2-768x432.png 768w, https:\/\/bootcampforma.online\/bochra\/wp-content\/uploads\/2026\/04\/photo-Indexamed-2.png 1920w\" sizes=\"(max-width: 1536px) 100vw, 1536px\" \/>\t\t\t\t\t\t\t\t\t\t\t\t\t\t\t<\/div>\n\t\t\t\t<div class=\"elementor-element elementor-element-ca4ebf6 elementor-widget elementor-widget-heading\" data-id=\"ca4ebf6\" data-element_type=\"widget\" data-e-type=\"widget\" data-widget_type=\"heading.default\">\n\t\t\t\t\t<h3 class=\"elementor-heading-title elementor-size-default\">Strat\u00e9gie de contenu<\/h3>\t\t\t\t<\/div>\n\t\t\t\t<div class=\"elementor-element elementor-element-6f18be4 elementor-widget elementor-widget-text-editor\" data-id=\"6f18be4\" data-element_type=\"widget\" data-e-type=\"widget\" data-widget_type=\"text-editor.default\">\n\t\t\t\t\t\t\t\t\t<p>Des contenus qui rankent et qui respectent vos obligations r\u00e9glementaires. R\u00e9daction sp\u00e9cialis\u00e9e MDR\/IVDR pour des entreprises MedTech qui ne peuvent pas se permettre l&rsquo;approximation.<\/p>\t\t\t\t\t\t\t\t<\/div>\n\t\t\t\t<div class=\"elementor-element elementor-element-0d20b8c elementor-align-center elementor-widget__width-inherit elementor-widget elementor-widget-button\" data-id=\"0d20b8c\" data-element_type=\"widget\" data-e-type=\"widget\" data-widget_type=\"button.default\">\n\t\t\t\t\t\t\t\t\t\t<a class=\"elementor-button elementor-button-link elementor-size-sm elementor-animation-grow\" href=\"#\">\n\t\t\t\t\t\t<span class=\"elementor-button-content-wrapper\">\n\t\t\t\t\t\t\t\t\t<span class=\"elementor-button-text\">D\u00e9couvrir le processus<\/span>\n\t\t\t\t\t<\/span>\n\t\t\t\t\t<\/a>\n\t\t\t\t\t\t\t\t<\/div>\n\t\t\t\t<\/div>\n\t\t<div class=\"elementor-element elementor-element-0353576 e-con-full e-flex e-con e-child\" data-id=\"0353576\" data-element_type=\"container\" data-e-type=\"container\">\n\t\t\t\t<div class=\"elementor-element elementor-element-ccb5d41 elementor-widget elementor-widget-image\" data-id=\"ccb5d41\" data-element_type=\"widget\" data-e-type=\"widget\" data-widget_type=\"image.default\">\n\t\t\t\t\t\t\t\t\t\t\t\t\t\t\t<img loading=\"lazy\" decoding=\"async\" width=\"800\" height=\"450\" src=\"https:\/\/bootcampforma.online\/bochra\/wp-content\/uploads\/2026\/04\/photo-Indexamed-3-1024x576.png\" class=\"attachment-large size-large wp-image-52\" alt=\"\" srcset=\"https:\/\/bootcampforma.online\/bochra\/wp-content\/uploads\/2026\/04\/photo-Indexamed-3-1024x576.png 1024w, https:\/\/bootcampforma.online\/bochra\/wp-content\/uploads\/2026\/04\/photo-Indexamed-3-300x169.png 300w, https:\/\/bootcampforma.online\/bochra\/wp-content\/uploads\/2026\/04\/photo-Indexamed-3-768x432.png 768w, https:\/\/bootcampforma.online\/bochra\/wp-content\/uploads\/2026\/04\/photo-Indexamed-3-1536x864.png 1536w, https:\/\/bootcampforma.online\/bochra\/wp-content\/uploads\/2026\/04\/photo-Indexamed-3.png 1920w\" sizes=\"(max-width: 800px) 100vw, 800px\" \/>\t\t\t\t\t\t\t\t\t\t\t\t\t\t\t<\/div>\n\t\t\t\t<div class=\"elementor-element elementor-element-34cddee elementor-widget elementor-widget-heading\" data-id=\"34cddee\" data-element_type=\"widget\" data-e-type=\"widget\" data-widget_type=\"heading.default\">\n\t\t\t\t\t<h3 class=\"elementor-heading-title elementor-size-default\">IndexaMed 360\u00b0<\/h3>\t\t\t\t<\/div>\n\t\t\t\t<div class=\"elementor-element elementor-element-a0a2597 elementor-widget__width-initial elementor-widget elementor-widget-text-editor\" data-id=\"a0a2597\" data-element_type=\"widget\" data-e-type=\"widget\" data-widget_type=\"text-editor.default\">\n\t\t\t\t\t\t\t\t\t<p>Strat\u00e9gie, technique, contenu, netlinking et pilotage SEO\u00a0 int\u00e9gr\u00e9s dans un dispositif unique. Pour les entreprises MedTech qui ont besoin d&rsquo;un partenaire qui comprend leurs cycles longs, leur r\u00e9glementation et leurs enjeux de croissance.<\/p>\t\t\t\t\t\t\t\t<\/div>\n\t\t\t\t<div class=\"elementor-element elementor-element-86d0573 elementor-align-center elementor-widget__width-inherit elementor-widget elementor-widget-button\" data-id=\"86d0573\" data-element_type=\"widget\" data-e-type=\"widget\" data-widget_type=\"button.default\">\n\t\t\t\t\t\t\t\t\t\t<a class=\"elementor-button elementor-button-link elementor-size-sm elementor-animation-grow\" href=\"#\">\n\t\t\t\t\t\t<span class=\"elementor-button-content-wrapper\">\n\t\t\t\t\t\t\t\t\t<span class=\"elementor-button-text\">D\u00e9couvrir le processus<\/span>\n\t\t\t\t\t<\/span>\n\t\t\t\t\t<\/a>\n\t\t\t\t\t\t\t\t<\/div>\n\t\t\t\t<\/div>\n\t\t\t\t\t<\/div>\n\t\t\t\t<\/div>\n\t\t<div class=\"elementor-element elementor-element-2c08147 e-flex e-con-boxed e-con e-parent\" data-id=\"2c08147\" data-element_type=\"container\" data-e-type=\"container\">\n\t\t\t\t\t<div class=\"e-con-inner\">\n\t\t\t\t<div class=\"elementor-element elementor-element-c028d66 elementor-widget elementor-widget-heading\" data-id=\"c028d66\" data-element_type=\"widget\" data-e-type=\"widget\" data-widget_type=\"heading.default\">\n\t\t\t\t\t<h2 class=\"elementor-heading-title elementor-size-default\">T\u00e9moignages<\/h2>\t\t\t\t<\/div>\n\t\t\t\t\t<\/div>\n\t\t\t\t<\/div>\n\t\t<div class=\"elementor-element elementor-element-4e0c81f e-grid e-con-full e-con e-parent\" data-id=\"4e0c81f\" data-element_type=\"container\" data-e-type=\"container\">\n\t\t<div class=\"elementor-element elementor-element-ac14249 e-con-full e-flex e-con e-child\" data-id=\"ac14249\" data-element_type=\"container\" data-e-type=\"container\" data-settings=\"{&quot;background_background&quot;:&quot;classic&quot;}\">\n\t\t\t\t<div class=\"elementor-element elementor-element-2908714 elementor-widget elementor-widget-text-editor\" data-id=\"2908714\" data-element_type=\"widget\" data-e-type=\"widget\" data-widget_type=\"text-editor.default\">\n\t\t\t\t\t\t\t\t\t<p><strong>Dr. Julien Morel<\/strong><br data-start=\"258\" data-end=\"261\" \/>CEO de Neurovia Health<\/p>\t\t\t\t\t\t\t\t<\/div>\n\t\t\t\t<div class=\"elementor-element elementor-element-2daad58 elementor-widget elementor-widget-text-editor\" data-id=\"2daad58\" data-element_type=\"widget\" data-e-type=\"widget\" data-widget_type=\"text-editor.default\">\n\t\t\t\t\t\t\t\t\t<p>\u201cNous cherchions quelqu\u2019un capable de comprendre rapidement les enjeux sp\u00e9cifiques de la medtech en B2B. Elle a su structurer une strat\u00e9gie SEO claire, adapt\u00e9e \u00e0 notre cycle de vente long, avec des r\u00e9sultats concrets en quelques mois. Un accompagnement \u00e0 la fois strat\u00e9gique et tr\u00e8s op\u00e9rationnel.\u201d<\/p>\t\t\t\t\t\t\t\t<\/div>\n\t\t\t\t<\/div>\n\t\t<div class=\"elementor-element elementor-element-eaf4496 e-con-full e-flex e-con e-child\" data-id=\"eaf4496\" data-element_type=\"container\" data-e-type=\"container\" data-settings=\"{&quot;background_background&quot;:&quot;classic&quot;}\">\n\t\t\t\t<div class=\"elementor-element elementor-element-fdf16d7 elementor-widget elementor-widget-text-editor\" data-id=\"fdf16d7\" data-element_type=\"widget\" data-e-type=\"widget\" data-widget_type=\"text-editor.default\">\n\t\t\t\t\t\t\t\t\t<p><strong data-start=\"290\" data-end=\"307\">Claire Dubois<\/strong><br data-start=\"307\" data-end=\"310\" \/>CEO de CardioSense Technologies<\/p>\t\t\t\t\t\t\t\t<\/div>\n\t\t\t\t<div class=\"elementor-element elementor-element-b163a58 elementor-widget elementor-widget-text-editor\" data-id=\"b163a58\" data-element_type=\"widget\" data-e-type=\"widget\" data-widget_type=\"text-editor.default\">\n\t\t\t\t\t\t\t\t\t<p>\u201cTr\u00e8s rare de trouver une consultante SEO capable de vulgariser des sujets aussi techniques tout en gardant une vraie exigence business. Son travail nous a permis d\u2019attirer des prospects beaucoup plus qualifi\u00e9s, notamment c\u00f4t\u00e9 d\u00e9cideurs et partenaires.\u201d<\/p>\t\t\t\t\t\t\t\t<\/div>\n\t\t\t\t<\/div>\n\t\t<div class=\"elementor-element elementor-element-a24b9fb e-con-full e-flex e-con e-child\" data-id=\"a24b9fb\" data-element_type=\"container\" data-e-type=\"container\" data-settings=\"{&quot;background_background&quot;:&quot;classic&quot;}\">\n\t\t\t\t<div class=\"elementor-element elementor-element-07a0be4 elementor-widget elementor-widget-text-editor\" data-id=\"07a0be4\" data-element_type=\"widget\" data-e-type=\"widget\" data-widget_type=\"text-editor.default\">\n\t\t\t\t\t\t\t\t\t<p><strong data-start=\"348\" data-end=\"367\">Antoine Lef\u00e8vre<\/strong><br data-start=\"367\" data-end=\"370\" \/>CEO de BioTrack Analytics<\/p>\t\t\t\t\t\t\t\t<\/div>\n\t\t\t\t<div class=\"elementor-element elementor-element-5921f64 elementor-widget elementor-widget-text-editor\" data-id=\"5921f64\" data-element_type=\"widget\" data-e-type=\"widget\" data-widget_type=\"text-editor.default\">\n\t\t\t\t\t\t\t\t\t<p>\u201cAu-del\u00e0 du SEO, elle apporte une vraie vision produit et march\u00e9. Elle a parfaitement compris notre positionnement medtech et nous a aid\u00e9s \u00e0 cr\u00e9er du contenu pertinent pour notre cible B2B. S\u00e9rieuse, rigoureuse et tr\u00e8s impliqu\u00e9e.\u201d<\/p>\t\t\t\t\t\t\t\t<\/div>\n\t\t\t\t<\/div>\n\t\t\t\t<\/div>\n\t\t<div class=\"elementor-element elementor-element-7161448 e-flex e-con-boxed e-con e-parent\" data-id=\"7161448\" data-element_type=\"container\" data-e-type=\"container\">\n\t\t\t\t\t<div class=\"e-con-inner\">\n\t\t\t\t<div class=\"elementor-element elementor-element-d84a3e9 elementor-align-center elementor-mobile-align-center elementor-widget elementor-widget-button\" data-id=\"d84a3e9\" data-element_type=\"widget\" data-e-type=\"widget\" data-widget_type=\"button.default\">\n\t\t\t\t\t\t\t\t\t\t<a class=\"elementor-button elementor-button-link elementor-size-sm elementor-animation-grow\" href=\"http:\/\/bootcampforma.online\/bochra\/formulaire-de-contact\/#\">\n\t\t\t\t\t\t<span class=\"elementor-button-content-wrapper\">\n\t\t\t\t\t\t\t\t\t<span class=\"elementor-button-text\">Demander mon audit gratuit<\/span>\n\t\t\t\t\t<\/span>\n\t\t\t\t\t<\/a>\n\t\t\t\t\t\t\t\t<\/div>\n\t\t\t\t\t<\/div>\n\t\t\t\t<\/div>\n\t\t\t\t<\/div>\n\t\t","protected":false},"excerpt":{"rendered":"<p>IndexaMed : Consultante SEO sp\u00e9cialis\u00e9 en MedTech. J&rsquo;aide les startups et entreprises de dispositifs m\u00e9dicaux \u00e0 gagner en visibilit\u00e9 organique et g\u00e9n\u00e9rer des leads qualifi\u00e9s.<\/p>\n","protected":false},"author":1,"featured_media":34,"parent":0,"menu_order":0,"comment_status":"closed","ping_status":"closed","template":"","meta":{"footnotes":""},"class_list":["post-7","page","type-page","status-publish","has-post-thumbnail","hentry"],"_links":{"self":[{"href":"https:\/\/bootcampforma.online\/bochra\/wp-json\/wp\/v2\/pages\/7","targetHints":{"allow":["GET"]}}],"collection":[{"href":"https:\/\/bootcampforma.online\/bochra\/wp-json\/wp\/v2\/pages"}],"about":[{"href":"https:\/\/bootcampforma.online\/bochra\/wp-json\/wp\/v2\/types\/page"}],"author":[{"embeddable":true,"href":"https:\/\/bootcampforma.online\/bochra\/wp-json\/wp\/v2\/users\/1"}],"replies":[{"embeddable":true,"href":"https:\/\/bootcampforma.online\/bochra\/wp-json\/wp\/v2\/comments?post=7"}],"version-history":[{"count":130,"href":"https:\/\/bootcampforma.online\/bochra\/wp-json\/wp\/v2\/pages\/7\/revisions"}],"predecessor-version":[{"id":613,"href":"https:\/\/bootcampforma.online\/bochra\/wp-json\/wp\/v2\/pages\/7\/revisions\/613"}],"wp:featuredmedia":[{"embeddable":true,"href":"https:\/\/bootcampforma.online\/bochra\/wp-json\/wp\/v2\/media\/34"}],"wp:attachment":[{"href":"https:\/\/bootcampforma.online\/bochra\/wp-json\/wp\/v2\/media?parent=7"}],"curies":[{"name":"wp","href":"https:\/\/api.w.org\/{rel}","templated":true}]}}